{"id":1259,"date":"2021-01-20T10:55:25","date_gmt":"2021-01-20T15:55:25","guid":{"rendered":"https:\/\/dev-gff-knowledge-and-learning-platform.pantheonsite.io\/about\/"},"modified":"2022-04-11T13:36:50","modified_gmt":"2022-04-11T17:36:50","slug":"about","status":"publish","type":"page","link":"https:\/\/gffklportal.org\/fr\/about\/","title":{"rendered":"\u00c0 propos"},"content":{"rendered":"<div class=\"wpb-content-wrapper\"><p>[vc_row][vc_column][vc_column_text]<\/p>\n<h2>Bienvenue sur le portail de connaissances et d&#8217;apprentissage (KLP) du GFF !<\/h2>\n<p>[\/vc_column_text][vc_column_text][\/vc_column_text][vc_video link=&#8221;https:\/\/www.youtube.com\/embed\/Dzu5XimSyr8&#8243; align=&#8221;center&#8221;][vc_column_text]<strong>Gr\u00e2ce \u00e0 ce portail, nous souhaitons soutenir les parties prenantes du GFF en fournissant une plateforme num\u00e9rique pour le partage des connaissances, l&#8217;apprentissage bas\u00e9 sur les comp\u00e9tences et la collaboration entre pairs.<\/strong><\/p>\n<p>En tant que <strong>cadre int\u00e9gr\u00e9 en ligne<\/strong>, le portail encourage l&#8217;utilisation de ressources de connaissances exploitables, de fonctions d&#8217;apprentissage attrayantes et d&#8217;une collaboration en direct pour am\u00e9liorer l&#8217;efficacit\u00e9 de la mise en \u0153uvre de l&#8217;approche GFF, le tout dans un seul espace.<\/p>\n<p>Nous pensons que le renforcement des comp\u00e9tences va de pair avec des outils de d\u00e9veloppement puissants et innovants, disponibles l\u00e0 o\u00f9 il le faut et quand il le faut. En r\u00e9ponse \u00e0 cela, nous avons d\u00e9velopp\u00e9 <strong>4 modules fonctionnels<\/strong> qui renforcent mutuellement le renforcement des comp\u00e9tences pour soutenir les interventions du GFF.[\/vc_column_text][\/vc_column][\/vc_row]<\/p>\n<\/div>","protected":false},"excerpt":{"rendered":"<p>[vc_row][vc_column][vc_column_text] Bienvenue sur le portail de connaissances et d&#8217;apprentissage (KLP) du GFF ! [\/vc_column_text][vc_column_text][\/vc_column_text][vc_video link=&#8221;https:\/\/www.youtube.com\/embed\/Dzu5XimSyr8&#8243; align=&#8221;center&#8221;][vc_column_text]Gr\u00e2ce \u00e0 ce portail, nous souhaitons soutenir les parties prenantes du GFF en fournissant une plateforme num\u00e9rique pour le partage des connaissances, l&#8217;apprentissage bas\u00e9 sur les comp\u00e9tences et la collaboration entre pairs. En tant que cadre int\u00e9gr\u00e9 en ligne, le [&hellip;]<\/p>\n","protected":false},"author":70,"featured_media":0,"parent":0,"menu_order":0,"comment_status":"closed","ping_status":"closed","template":"page-about.php","meta":{"_acf_changed":false,"_bbp_topic_count":0,"_bbp_reply_count":0,"_bbp_total_topic_count":0,"_bbp_total_reply_count":0,"_bbp_voice_count":0,"_bbp_anonymous_reply_count":0,"_bbp_topic_count_hidden":0,"_bbp_reply_count_hidden":0,"_bbp_forum_subforum_count":0,"footnotes":""},"class_list":["post-1259","page","type-page","status-publish","hentry"],"acf":[],"_links":{"self":[{"href":"https:\/\/gffklportal.org\/fr\/wp-json\/wp\/v2\/pages\/1259","targetHints":{"allow":["GET"]}}],"collection":[{"href":"https:\/\/gffklportal.org\/fr\/wp-json\/wp\/v2\/pages"}],"about":[{"href":"https:\/\/gffklportal.org\/fr\/wp-json\/wp\/v2\/types\/page"}],"author":[{"embeddable":true,"href":"https:\/\/gffklportal.org\/fr\/wp-json\/wp\/v2\/users\/70"}],"replies":[{"embeddable":true,"href":"https:\/\/gffklportal.org\/fr\/wp-json\/wp\/v2\/comments?post=1259"}],"version-history":[{"count":18,"href":"https:\/\/gffklportal.org\/fr\/wp-json\/wp\/v2\/pages\/1259\/revisions"}],"predecessor-version":[{"id":39112,"href":"https:\/\/gffklportal.org\/fr\/wp-json\/wp\/v2\/pages\/1259\/revisions\/39112"}],"wp:attachment":[{"href":"https:\/\/gffklportal.org\/fr\/wp-json\/wp\/v2\/media?parent=1259"}],"curies":[{"name":"wp","href":"https:\/\/api.w.org\/{rel}","templated":true}]}}