{"id":43580,"date":"2025-05-02T13:21:34","date_gmt":"2025-05-02T17:21:34","guid":{"rendered":"https:\/\/gffklportal.org\/?page_id=43580"},"modified":"2025-06-03T04:54:05","modified_gmt":"2025-06-03T08:54:05","slug":"reunion-sur-lengagement-pays-du-gff","status":"publish","type":"page","link":"https:\/\/gffklportal.org\/fr\/reunion-sur-lengagement-pays-du-gff\/","title":{"rendered":"R\u00e9union sur l'engagement pays du GFF"},"content":{"rendered":"<div class=\"wpb-content-wrapper\"><p>[vc_row][vc_column][vc_single_image image=&#8221;43584&#8243; img_size=&#8221;full&#8221; alignment=&#8221;center&#8221; css=&#8221;&#8221;][\/vc_column][\/vc_row][vc_row][vc_column][vc_column_text css=&#8221;&#8221;]<\/p>\n<h4 style=\"text-align: center;\">Le Cap, du 5 au 7 mai 2025<\/h4>\n<p>[\/vc_column_text][\/vc_column][\/vc_row][vc_row][vc_column][vc_column_text css=&#8221;&#8221;]<\/p>\n<p style=\"text-align: center;\"><strong>Bienvenue sur la page de la R\u00e9union sur l&#8217;engagement pays du GFF.<\/strong><\/p>\n<p style=\"text-align: center;\">Toutes les pr\u00e9sentations et ressources seront disponibles ici.<\/p>\n<p>[\/vc_column_text][vc_empty_space height=&#8221;60px&#8221;][\/vc_column][\/vc_row][vc_section][vc_row][vc_column width=&#8221;2\/3&#8243; offset=&#8221;vc_col-lg-offset-2 vc_col-lg-8 vc_col-md-offset-2 vc_col-md-8 vc_col-xs-12&#8243; el_id=&#8221;resources&#8221;][vc_tta_accordion][vc_tta_section title=&#8221;Ressources&#8221; tab_id=&#8221;1747435104030-ccb86141-e755&#8243;][vc_column_text css=&#8221;&#8221;]<\/p>\n<table style=\"width: 100%;\" border=\"0\" cellspacing=\"0\" cellpadding=\"0\">\n<tbody>\n<tr style=\"height: 30px;\">\n<td><a href=\"https:\/\/gffklportal.org\/wp-content\/uploads\/2025\/05\/1.1-FR-GFF-101-Presentation-GFP-Retreat-May-2025-fr.pptx\">1.1 &#8211; Pr\u00e9sentation du GFF \u2192<\/a><\/td>\n<\/tr>\n<tr style=\"height: 30px;\">\n<td><a href=\"https:\/\/gffklportal.org\/wp-content\/uploads\/2025\/05\/1.2-FR-GFF-Evaluation-slides-for-GFPW-May-2025-fr.pptx\">1.2 &#8211; Principaux \u00e9l\u00e9ments de l&#8217;\u00e9valuation externe du GFF \u2192<\/a><\/td>\n<\/tr>\n<tr style=\"height: 30px;\">\n<td><a href=\"https:\/\/gffklportal.org\/wp-content\/uploads\/2025\/05\/1.3-FR-GFP-retreat-visibility-session-FR-2025.pptx\">1.3 &#8211; Visibilit\u00e9 du GFF danspays \u2192<\/a><\/td>\n<\/tr>\n<tr style=\"height: 30px;\">\n<td><a href=\"https:\/\/gffklportal.org\/wp-content\/uploads\/2025\/06\/2.1a-FR-Somalia-Experienc-alignment-and-coordination_FR.pptx\">2.1a &#8211; Exp\u00e9rience de la Somalie sur l&#8217;alignement et la coordination du Syst\u00e8me de sant\u00e9 \u2192<\/a><\/td>\n<\/tr>\n<tr style=\"height: 30px;\">\n<td><a href=\"https:\/\/gffklportal.org\/wp-content\/uploads\/2025\/06\/2.1b-FR-Alignment_presentation_for_GFP_workshop_FR.pptx\">2.1b &#8211; Alignement du syst\u00e8me de sant\u00e9 &#8211; Exp\u00e9rience de l&#8217;\u00c9thiopie \u2192<\/a><\/td>\n<\/tr>\n<tr style=\"height: 30px;\">\n<td><a href=\"https:\/\/gffklportal.org\/wp-content\/uploads\/2025\/06\/2.1c-FR-Afghanistan-experience-CP_FR.ppt\">2.1c &#8211; Exp\u00e9rience de l&#8217;Afghanistan &#8211; Plateforme nationale \u2192<\/a><\/td>\n<\/tr>\n<tr style=\"height: 30px;\">\n<td><a href=\"https:\/\/gffklportal.org\/wp-content\/uploads\/2025\/05\/2.1d-FR-FASTr-Madagascar_Mai-2025.pptx\">2.1d &#8211; FASTR Madagascar \u2192<\/a><\/td>\n<\/tr>\n<tr style=\"height: 30px;\">\n<td><a href=\"https:\/\/gffklportal.org\/wp-content\/uploads\/2025\/06\/2.1e-FR-GFF-ALIGNMENT-MTG_NGR-PRESENTATION_FR.pptx\">2.1e &#8211; Alignement en pratique &#8211; R\u00e9fl\u00e9ction du Nig\u00e9ria \u2192<\/a><\/td>\n<\/tr>\n<tr style=\"height: 30px;\">\n<td><a href=\"https:\/\/gffklportal.org\/wp-content\/uploads\/2025\/06\/2.2-FR-Disruption-Analysis-and-Prioritization-for-GFPW-May-2025_FR.pptx\">2.2 &#8211; D\u00e9ficits de financement, interruptions et \u00e9tablissement des priorit\u00e9s \u2192<\/a><\/td>\n<\/tr>\n<tr style=\"height: 30px;\">\n<td><a href=\"https:\/\/gffklportal.org\/wp-content\/uploads\/2025\/05\/2.3-Developpement-de-la-strategie-du-GFF-2026-2030-FR.pptx\">2.3 &#8211; D\u00e9veloppement de la strat\u00e9gie du GFF (2026-2030) \u2192<\/a><\/td>\n<\/tr>\n<tr style=\"height: 30px;\">\n<td><a href=\"https:\/\/gffklportal.org\/wp-content\/uploads\/2025\/06\/3.1-FR-SBBC-for-the-GFP-meeting-May-7-2025.pptx\">3.1 &#8211; Panier de soins pour un accouchement plus s\u00fbr (SBBC) \u2192<\/a><\/td>\n<\/tr>\n<tr style=\"height: 30px;\">\n<td><a href=\"https:\/\/gffklportal.org\/wp-content\/uploads\/2025\/06\/3.2-FR_GFF_CSC-_-CT_FR.pptx\">3.2 &#8211; Produits essentiels et cha\u00eene d&#8217;approvisionnement \u2192<\/a><\/td>\n<\/tr>\n<\/tbody>\n<\/table>\n<p>[\/vc_column_text][\/vc_tta_section][\/vc_tta_accordion][\/vc_column][\/vc_row][\/vc_section]<\/p>\n<\/div>","protected":false},"excerpt":{"rendered":"<p>[vc_row][vc_column][vc_single_image image=&#8221;43584&#8243; img_size=&#8221;full&#8221; alignment=&#8221;center&#8221; css=&#8221;&#8221;][\/vc_column][\/vc_row][vc_row][vc_column][vc_column_text css=&#8221;&#8221;] Le Cap, du 5 au 7 mai 2025 [\/vc_column_text][\/vc_column][\/vc_row][vc_row][vc_column][vc_column_text css=&#8221;&#8221;] Bienvenue sur la page de la R\u00e9union sur l&#8217;engagement pays du GFF. Toutes les pr\u00e9sentations et ressources seront disponibles ici. [\/vc_column_text][vc_empty_space height=&#8221;60px&#8221;][\/vc_column][\/vc_row][vc_section][vc_row][vc_column width=&#8221;2\/3&#8243; offset=&#8221;vc_col-lg-offset-2 vc_col-lg-8 vc_col-md-offset-2 vc_col-md-8 vc_col-xs-12&#8243; el_id=&#8221;resources&#8221;][vc_tta_accordion][vc_tta_section title=&#8221;Ressources&#8221; tab_id=&#8221;1747435104030-ccb86141-e755&#8243;][vc_column_text css=&#8221;&#8221;] 1.1 &#8211; Pr\u00e9sentation du GFF \u2192 1.2 [&hellip;]<\/p>\n","protected":false},"author":254,"featured_media":0,"parent":0,"menu_order":0,"comment_status":"closed","ping_status":"closed","template":"","meta":{"_acf_changed":false,"_bbp_topic_count":0,"_bbp_reply_count":0,"_bbp_total_topic_count":0,"_bbp_total_reply_count":0,"_bbp_voice_count":0,"_bbp_anonymous_reply_count":0,"_bbp_topic_count_hidden":0,"_bbp_reply_count_hidden":0,"_bbp_forum_subforum_count":0,"footnotes":""},"class_list":["post-43580","page","type-page","status-publish","hentry"],"acf":[],"_links":{"self":[{"href":"https:\/\/gffklportal.org\/fr\/wp-json\/wp\/v2\/pages\/43580","targetHints":{"allow":["GET"]}}],"collection":[{"href":"https:\/\/gffklportal.org\/fr\/wp-json\/wp\/v2\/pages"}],"about":[{"href":"https:\/\/gffklportal.org\/fr\/wp-json\/wp\/v2\/types\/page"}],"author":[{"embeddable":true,"href":"https:\/\/gffklportal.org\/fr\/wp-json\/wp\/v2\/users\/254"}],"replies":[{"embeddable":true,"href":"https:\/\/gffklportal.org\/fr\/wp-json\/wp\/v2\/comments?post=43580"}],"version-history":[{"count":8,"href":"https:\/\/gffklportal.org\/fr\/wp-json\/wp\/v2\/pages\/43580\/revisions"}],"predecessor-version":[{"id":43694,"href":"https:\/\/gffklportal.org\/fr\/wp-json\/wp\/v2\/pages\/43580\/revisions\/43694"}],"wp:attachment":[{"href":"https:\/\/gffklportal.org\/fr\/wp-json\/wp\/v2\/media?parent=43580"}],"curies":[{"name":"wp","href":"https:\/\/api.w.org\/{rel}","templated":true}]}}